{"id":2079,"date":"2020-06-18T18:21:53","date_gmt":"2020-06-18T16:21:53","guid":{"rendered":"https:\/\/www.palogne.be\/project-noe-noah\/"},"modified":"2020-06-18T18:21:56","modified_gmt":"2020-06-18T16:21:56","slug":"project-noe-noah","status":"publish","type":"page","link":"https:\/\/www.palogne.be\/nl\/project-noe-noah\/","title":{"rendered":"Project NOE-NOAH"},"content":{"rendered":"<p>[et_pb_section fb_built=&#8221;1&#8243; _builder_version=&#8221;4.4.3&#8243; custom_padding=&#8221;0px||0px|||&#8221;][et_pb_row column_structure=&#8221;1_3,1_3,1_3&#8243; use_custom_gutter=&#8221;on&#8221; gutter_width=&#8221;2&#8243; _builder_version=&#8221;4.4.3&#8243;][et_pb_column type=&#8221;1_3&#8243; _builder_version=&#8221;4.4.3&#8243;][et_pb_image src=&#8221;https:\/\/www.palogne.be\/wp-content\/uploads\/2020\/05\/noe-noah-recolte-w600.jpg&#8221; alt=&#8221;Honingoogst&#8221; title_text=&#8221;Honingoogst&#8221; _builder_version=&#8221;4.4.6&#8243;][\/et_pb_image][et_pb_text _builder_version=&#8221;4.4.6&#8243; header_2_text_align=&#8221;center&#8221; background_color=&#8221;#ffffff&#8221; custom_margin=&#8221;||0px||false|false&#8221; custom_padding=&#8221;15px||15px||true|false&#8221; border_width_all=&#8221;1px&#8221; border_color_all=&#8221;#d8d8d8&#8243; box_shadow_style=&#8221;preset3&#8243; saved_tabs=&#8221;all&#8221;]<\/p>\n<h2><i class=\"icon_star_alt\" aria-hidden=\"true\"><\/i> Project actualiteit<\/h2>\n<p>[\/et_pb_text][et_pb_post_slider posts_number=&#8221;5&#8243; include_categories=&#8221;all&#8221; show_meta=&#8221;off&#8221; bg_overlay_color=&#8221;rgba(0,0,0,0.6)&#8221; use_text_overlay=&#8221;off&#8221; module_class=&#8221;djb_news_slides&#8221; _builder_version=&#8221;4.4.6&#8243; header_font=&#8221;|||on|||||&#8221; background_color=&#8221;#bacb38&#8243; custom_button=&#8221;on&#8221; button_text_color=&#8221;#ffffff&#8221; button_use_icon=&#8221;off&#8221; max_height=&#8221;350px&#8221; custom_margin=&#8221;||||false|false&#8221; child_mix_blend_mode=&#8221;multiply&#8221; auto=&#8221;on&#8221; button_text_shadow_style=&#8221;preset1&#8243; box_shadow_style=&#8221;preset3&#8243; box_shadow_style_button=&#8221;preset3&#8243; text_shadow_style=&#8221;preset1&#8243;][\/et_pb_post_slider][\/et_pb_column][et_pb_column type=&#8221;1_3&#8243; _builder_version=&#8221;4.4.3&#8243;][et_pb_text _builder_version=&#8221;4.4.6&#8243; text_orientation=&#8221;justified&#8221;]<\/p>\n<h2>Over het project<\/h2>\n<p><span style=\"font-size: 14px;\">Het project &#8220;NOE-NOAH&#8221;, dat wordt gefinancierd door het EFRO (Europees Fonds voor Regionale Ontwikkeling), zet een grensoverschrijdend netwerk van partners op die gezamenlijke acties uitvoeren ter bevordering van de herverbinding tussen burgers en het milieu in de Grote Regio. Deze samenwerking leidt door zich te concentreren op fundamentele kwesties (behoud van de biodiversiteit, klimaatverandering, industri\u00eble vervuiling, zelfvoorziening op voedselgebied, behoud van hulpbronnen, enz.) tot innovatieve acties die een sterke maatschappelijke, participatieve en sociale integratie en de duurzame ontwikkeling van ons gemeenschappelijk grondgebied bevorderen. <\/span><br \/> Dit grensoverschrijdende multisectorale (sociaal, maatschappelijk, natuur, wetenschap, cultuur, toerisme, jeugd,&#8230;) en multiterritoriale (plattelands- en stadsgebieden) netwerk ontwikkelt een gezamenlijk ontwikkeld en uitgevoerd programma van initiatieven.<\/p>\n<h2>NOE-NOAH op het Domein van Palogne<\/h2>\n<h3>Cursussen bijenteelt<\/h3>\n<p>Leven op het ritme van de natuur, de natuur beter leren kennen, u bij elk bezoek aan de bijenstal weer verwonderen, de resultaten van uw werk en dat van de bijen met anderen delen,&#8230; dit is slechts een deel van de activiteiten die deel uitmaken van het plezier dat een imker beleeft.<\/p>\n<p>Sinds 2018 organiseert het Domein van Palogne, in samenwerking met de provincie Luik en het IPEPS van Huy-Waremme, een cursus bijenhouden. Want een imker word je niet zomaar; het is essentieel om een goede basiskennis te verwerven om bijenkolonies te kunnen beheren en te laten ontwikkelen, maar ook om de producten van de bijenkorf te oogsten en te verpakken. <\/p>\n<p>[\/et_pb_text][et_pb_button button_text=&#8221;Imkerbrochure downloaden&#8221; _builder_version=&#8221;4.4.6&#8243; hover_enabled=&#8221;0&#8243; button_alignment=&#8221;center&#8221; button_url=&#8221;\/wp-content\/uploads\/2020\/05\/20200219_Miel_depliant_2020.pdf&#8221; url_new_window=&#8221;on&#8221;][\/et_pb_button][et_pb_text _builder_version=&#8221;4.4.6&#8243;]<\/p>\n<h3>Maar ook&#8230;<\/h3>\n<p>De creatie van een educatieve bijenstal, de installatie van insectenhotels, de creatie van een mobiele tentoonstelling, de organisatie van activiteiten rond het thema insecten en bijen, maar ook workshops honing oogsten, conferenties,&#8230;<\/p>\n<p>[\/et_pb_text][et_pb_text _builder_version=&#8221;4.4.6&#8243; header_3_text_color=&#8221;#77ad46&#8243; custom_padding=&#8221;14px|14px|14px|14px|true|true&#8221; border_width_top=&#8221;3px&#8221; border_color_top=&#8221;#bacb38&#8243; box_shadow_style=&#8221;preset3&#8243; saved_tabs=&#8221;all&#8221;]<\/p>\n<h3>In het kort<\/h3>\n<ul>\n<li><strong>Duur van het project:<\/strong> 2018 &#8211; 2021<\/li>\n<li><strong>Partners:<\/strong> Differdange, Centre Pompidou-Metz, syndicat de coop\u00e9ration pour le Parc Naturel R\u00e9gional des Vosges du Nord, metropool Metz, PNHFE-beheercommissie van het Natuurpark Hoge Venen-Eifel, stichting TCRM BLIDA, Provincie Luik, Biosph\u00e4renreservat Pf\u00e4lzerwald-Nordvogesen \/ Naturpark Pf\u00e4lzerwald, Natagora, Les Domaines touristiques du Vallon de la Lembr\u00e9e, Stad Luxemburg, Stad Verviers, Universiteit van Luik, Hochschule f\u00fcr Musik Saar, Stiftung Saarl\u00e4ndischer Kulturbesitz, Service Public de Wallonie &#8211; DGO3 &#8211; het departement landelijke zaken en waterlopen &#8211; directie groene ruimten, Syndicat mixte du mus\u00e9e de la mine, Universiteit van Lorraine, Naturpark Nordeifel e.V &#8211; NRW, Naturpark Nordeifel e.V &#8211; RLP, Institut europ\u00e9en d&#8217;\u00e9cologie, de Conseil d\u00e9partemental van Meurthe-et-Moselle, Stad Trier, Universiteit van Luxemburg.<\/li>\n<li><strong>Financiering:<\/strong> \u20ac 4.525.003,17<\/li>\n<li><strong>Totaal EFRO-middelen:<\/strong> \u20ac 2.559.502,42<\/li>\n<\/ul>\n<p>[\/et_pb_text][\/et_pb_column][et_pb_column type=&#8221;1_3&#8243; _builder_version=&#8221;4.4.3&#8243;][et_pb_gallery gallery_ids=&#8221;1548,1544,1540,1536,1532,1447&#8243; fullwidth=&#8221;on&#8221; _builder_version=&#8221;4.4.6&#8243; background_layout=&#8221;dark&#8221;][\/et_pb_gallery][et_pb_sidebar area=&#8221;et_pb_widget_area_11&#8243; show_border=&#8221;off&#8221; module_class=&#8221;djb_histoire-plus&#8221; _builder_version=&#8221;4.4.6&#8243; header_font=&#8221;||||||||&#8221; header_text_color=&#8221;#77ad46&#8243; custom_margin=&#8221;||||false|false&#8221; custom_padding=&#8221;10px|10px|10px|10px|true|true&#8221; custom_css_main_element=&#8221;border-top: 3px solid #bacb38;&#8221; custom_css_widget=&#8221;margin-bottom: 10px !important;||&#8221; custom_css_title=&#8221;font-size: 20px;&#8221; box_shadow_style=&#8221;preset3&#8243; global_module=&#8221;1509&#8243; saved_tabs=&#8221;all&#8221;][\/et_pb_sidebar][et_pb_image src=&#8221;https:\/\/www.palogne.be\/wp-content\/uploads\/2020\/05\/hotel-a-insecte.jpg&#8221; alt=&#8221;Insectenhotel&#8221; title_text=&#8221;Insectenhotel&#8221; _builder_version=&#8221;4.4.6&#8243;][\/et_pb_image][\/et_pb_column][\/et_pb_row][\/et_pb_section]<\/p>\n","protected":false},"excerpt":{"rendered":"<p>Project actualiteitOver het project Het project &#8220;NOE-NOAH&#8221;, dat wordt gefinancierd door het EFRO (Europees Fonds voor Regionale Ontwikkeling), zet een grensoverschrijdend netwerk van partners op die gezamenlijke acties uitvoeren ter bevordering van de herverbinding tussen burgers en het milieu in de Grote Regio. Deze samenwerking leidt door zich te concentreren op fundamentele kwesties (behoud van [&hellip;]<\/p>\n","protected":false},"author":2,"featured_media":1430,"parent":0,"menu_order":0,"comment_status":"closed","ping_status":"closed","template":"","meta":{"_et_pb_use_builder":"on","_et_pb_old_content":"","_et_gb_content_width":"","footnotes":""},"class_list":["post-2079","page","type-page","status-publish","has-post-thumbnail","hentry"],"yoast_head":"<!-- This site is optimized with the Yoast SEO plugin v26.5 - https:\/\/yoast.com\/wordpress\/plugins\/seo\/ -->\n<title>Project NOE-NOAH - Domein van Palogne<\/title>\n<meta name=\"robots\" content=\"index, follow, max-snippet:-1, max-image-preview:large, max-video-preview:-1\" \/>\n<link rel=\"canonical\" href=\"https:\/\/www.palogne.be\/nl\/project-noe-noah\/\" \/>\n<meta property=\"og:locale\" content=\"nl_NL\" \/>\n<meta property=\"og:type\" content=\"article\" \/>\n<meta property=\"og:title\" content=\"Project NOE-NOAH - Domein van Palogne\" \/>\n<meta property=\"og:description\" content=\"Project actualiteitOver het project Het project &quot;NOE-NOAH&quot;, dat wordt gefinancierd door het EFRO (Europees Fonds voor Regionale Ontwikkeling), zet een grensoverschrijdend netwerk van partners op die gezamenlijke acties uitvoeren ter bevordering van de herverbinding tussen burgers en het milieu in de Grote Regio. Deze samenwerking leidt door zich te concentreren op fundamentele kwesties (behoud van [&hellip;]\" \/>\n<meta property=\"og:url\" content=\"https:\/\/www.palogne.be\/nl\/project-noe-noah\/\" \/>\n<meta property=\"og:site_name\" content=\"Domein van Palogne\" \/>\n<meta property=\"article:modified_time\" content=\"2020-06-18T16:21:56+00:00\" \/>\n<meta property=\"og:image\" content=\"https:\/\/www.palogne.be\/wp-content\/uploads\/2020\/05\/noe-noah-1920x400-1.jpg\" \/>\n\t<meta property=\"og:image:width\" content=\"1920\" \/>\n\t<meta property=\"og:image:height\" content=\"400\" \/>\n\t<meta property=\"og:image:type\" content=\"image\/jpeg\" \/>\n<meta name=\"twitter:card\" content=\"summary_large_image\" \/>\n<meta name=\"twitter:label1\" content=\"Geschatte leestijd\" \/>\n\t<meta name=\"twitter:data1\" content=\"4 minuten\" \/>\n<script type=\"application\/ld+json\" class=\"yoast-schema-graph\">{\"@context\":\"https:\/\/schema.org\",\"@graph\":[{\"@type\":\"WebPage\",\"@id\":\"https:\/\/www.palogne.be\/nl\/project-noe-noah\/\",\"url\":\"https:\/\/www.palogne.be\/nl\/project-noe-noah\/\",\"name\":\"Project NOE-NOAH - Domein van Palogne\",\"isPartOf\":{\"@id\":\"https:\/\/www.palogne.be\/#website\"},\"primaryImageOfPage\":{\"@id\":\"https:\/\/www.palogne.be\/nl\/project-noe-noah\/#primaryimage\"},\"image\":{\"@id\":\"https:\/\/www.palogne.be\/nl\/project-noe-noah\/#primaryimage\"},\"thumbnailUrl\":\"https:\/\/www.palogne.be\/wp-content\/uploads\/2020\/05\/noe-noah-1920x400-1.jpg\",\"datePublished\":\"2020-06-18T16:21:53+00:00\",\"dateModified\":\"2020-06-18T16:21:56+00:00\",\"breadcrumb\":{\"@id\":\"https:\/\/www.palogne.be\/nl\/project-noe-noah\/#breadcrumb\"},\"inLanguage\":\"nl-NL\",\"potentialAction\":[{\"@type\":\"ReadAction\",\"target\":[\"https:\/\/www.palogne.be\/nl\/project-noe-noah\/\"]}]},{\"@type\":\"ImageObject\",\"inLanguage\":\"nl-NL\",\"@id\":\"https:\/\/www.palogne.be\/nl\/project-noe-noah\/#primaryimage\",\"url\":\"https:\/\/www.palogne.be\/wp-content\/uploads\/2020\/05\/noe-noah-1920x400-1.jpg\",\"contentUrl\":\"https:\/\/www.palogne.be\/wp-content\/uploads\/2020\/05\/noe-noah-1920x400-1.jpg\",\"width\":1920,\"height\":400},{\"@type\":\"BreadcrumbList\",\"@id\":\"https:\/\/www.palogne.be\/nl\/project-noe-noah\/#breadcrumb\",\"itemListElement\":[{\"@type\":\"ListItem\",\"position\":1,\"name\":\"Home\",\"item\":\"https:\/\/www.palogne.be\/nl\/hoofdpagina\/\"},{\"@type\":\"ListItem\",\"position\":2,\"name\":\"Project NOE-NOAH\"}]},{\"@type\":\"WebSite\",\"@id\":\"https:\/\/www.palogne.be\/#website\",\"url\":\"https:\/\/www.palogne.be\/\",\"name\":\"Domein van Palogne\",\"description\":\"Geschiedenis en avontuur middenin de natuur\",\"potentialAction\":[{\"@type\":\"SearchAction\",\"target\":{\"@type\":\"EntryPoint\",\"urlTemplate\":\"https:\/\/www.palogne.be\/?s={search_term_string}\"},\"query-input\":{\"@type\":\"PropertyValueSpecification\",\"valueRequired\":true,\"valueName\":\"search_term_string\"}}],\"inLanguage\":\"nl-NL\"}]}<\/script>\n<!-- \/ Yoast SEO plugin. -->","yoast_head_json":{"title":"Project NOE-NOAH - Domein van Palogne","robots":{"index":"index","follow":"follow","max-snippet":"max-snippet:-1","max-image-preview":"max-image-preview:large","max-video-preview":"max-video-preview:-1"},"canonical":"https:\/\/www.palogne.be\/nl\/project-noe-noah\/","og_locale":"nl_NL","og_type":"article","og_title":"Project NOE-NOAH - Domein van Palogne","og_description":"Project actualiteitOver het project Het project \"NOE-NOAH\", dat wordt gefinancierd door het EFRO (Europees Fonds voor Regionale Ontwikkeling), zet een grensoverschrijdend netwerk van partners op die gezamenlijke acties uitvoeren ter bevordering van de herverbinding tussen burgers en het milieu in de Grote Regio. Deze samenwerking leidt door zich te concentreren op fundamentele kwesties (behoud van [&hellip;]","og_url":"https:\/\/www.palogne.be\/nl\/project-noe-noah\/","og_site_name":"Domein van Palogne","article_modified_time":"2020-06-18T16:21:56+00:00","og_image":[{"width":1920,"height":400,"url":"https:\/\/www.palogne.be\/wp-content\/uploads\/2020\/05\/noe-noah-1920x400-1.jpg","type":"image\/jpeg"}],"twitter_card":"summary_large_image","twitter_misc":{"Geschatte leestijd":"4 minuten"},"schema":{"@context":"https:\/\/schema.org","@graph":[{"@type":"WebPage","@id":"https:\/\/www.palogne.be\/nl\/project-noe-noah\/","url":"https:\/\/www.palogne.be\/nl\/project-noe-noah\/","name":"Project NOE-NOAH - Domein van Palogne","isPartOf":{"@id":"https:\/\/www.palogne.be\/#website"},"primaryImageOfPage":{"@id":"https:\/\/www.palogne.be\/nl\/project-noe-noah\/#primaryimage"},"image":{"@id":"https:\/\/www.palogne.be\/nl\/project-noe-noah\/#primaryimage"},"thumbnailUrl":"https:\/\/www.palogne.be\/wp-content\/uploads\/2020\/05\/noe-noah-1920x400-1.jpg","datePublished":"2020-06-18T16:21:53+00:00","dateModified":"2020-06-18T16:21:56+00:00","breadcrumb":{"@id":"https:\/\/www.palogne.be\/nl\/project-noe-noah\/#breadcrumb"},"inLanguage":"nl-NL","potentialAction":[{"@type":"ReadAction","target":["https:\/\/www.palogne.be\/nl\/project-noe-noah\/"]}]},{"@type":"ImageObject","inLanguage":"nl-NL","@id":"https:\/\/www.palogne.be\/nl\/project-noe-noah\/#primaryimage","url":"https:\/\/www.palogne.be\/wp-content\/uploads\/2020\/05\/noe-noah-1920x400-1.jpg","contentUrl":"https:\/\/www.palogne.be\/wp-content\/uploads\/2020\/05\/noe-noah-1920x400-1.jpg","width":1920,"height":400},{"@type":"BreadcrumbList","@id":"https:\/\/www.palogne.be\/nl\/project-noe-noah\/#breadcrumb","itemListElement":[{"@type":"ListItem","position":1,"name":"Home","item":"https:\/\/www.palogne.be\/nl\/hoofdpagina\/"},{"@type":"ListItem","position":2,"name":"Project NOE-NOAH"}]},{"@type":"WebSite","@id":"https:\/\/www.palogne.be\/#website","url":"https:\/\/www.palogne.be\/","name":"Domein van Palogne","description":"Geschiedenis en avontuur middenin de natuur","potentialAction":[{"@type":"SearchAction","target":{"@type":"EntryPoint","urlTemplate":"https:\/\/www.palogne.be\/?s={search_term_string}"},"query-input":{"@type":"PropertyValueSpecification","valueRequired":true,"valueName":"search_term_string"}}],"inLanguage":"nl-NL"}]}},"_links":{"self":[{"href":"https:\/\/www.palogne.be\/nl\/wp-json\/wp\/v2\/pages\/2079","targetHints":{"allow":["GET"]}}],"collection":[{"href":"https:\/\/www.palogne.be\/nl\/wp-json\/wp\/v2\/pages"}],"about":[{"href":"https:\/\/www.palogne.be\/nl\/wp-json\/wp\/v2\/types\/page"}],"author":[{"embeddable":true,"href":"https:\/\/www.palogne.be\/nl\/wp-json\/wp\/v2\/users\/2"}],"replies":[{"embeddable":true,"href":"https:\/\/www.palogne.be\/nl\/wp-json\/wp\/v2\/comments?post=2079"}],"version-history":[{"count":5,"href":"https:\/\/www.palogne.be\/nl\/wp-json\/wp\/v2\/pages\/2079\/revisions"}],"predecessor-version":[{"id":2084,"href":"https:\/\/www.palogne.be\/nl\/wp-json\/wp\/v2\/pages\/2079\/revisions\/2084"}],"wp:featuredmedia":[{"embeddable":true,"href":"https:\/\/www.palogne.be\/nl\/wp-json\/wp\/v2\/media\/1430"}],"wp:attachment":[{"href":"https:\/\/www.palogne.be\/nl\/wp-json\/wp\/v2\/media?parent=2079"}],"curies":[{"name":"wp","href":"https:\/\/api.w.org\/{rel}","templated":true}]}}