{"id":2043,"date":"2020-06-18T06:46:31","date_gmt":"2020-06-18T04:46:31","guid":{"rendered":"https:\/\/www.palogne.be\/mountainbike-verhuur-in-de-ardennen\/"},"modified":"2026-03-31T14:56:04","modified_gmt":"2026-03-31T12:56:04","slug":"mountainbike-verhuur-in-de-ardennen","status":"publish","type":"page","link":"https:\/\/www.palogne.be\/nl\/mountainbike-verhuur-in-de-ardennen\/","title":{"rendered":"Mountainbikeverhuur in de Ardennen"},"content":{"rendered":"<p>[et_pb_section fb_built=&#8221;1&#8243; _builder_version=&#8221;4.16&#8243; custom_padding=&#8221;0px||0px|0px|false|false&#8221; global_colors_info=&#8221;{}&#8221; theme_builder_area=&#8221;post_content&#8221;][et_pb_row column_structure=&#8221;1_3,1_3,1_3&#8243; use_custom_gutter=&#8221;on&#8221; gutter_width=&#8221;2&#8243; _builder_version=&#8221;4.16&#8243; custom_padding=&#8221;||0px|||&#8221; global_colors_info=&#8221;{}&#8221; theme_builder_area=&#8221;post_content&#8221;][et_pb_column type=&#8221;1_3&#8243; _builder_version=&#8221;4.16&#8243; global_colors_info=&#8221;{}&#8221; theme_builder_area=&#8221;post_content&#8221;][et_pb_blurb title=&#8221;Mountainbike tarief 2025&#8243; image=&#8221;https:\/\/www.palogne.be\/wp-content\/uploads\/2024\/04\/NEWpicto_VTT.webp&#8221; alt=&#8221;Sport icon&#8221; image_icon_width=&#8221;100px&#8221; module_class=&#8221;djb_tarif&#8221; _builder_version=&#8221;4.27.0&#8243; header_level=&#8221;h3&#8243; background_color=&#8221;#888887&#8243; use_background_color_gradient=&#8221;on&#8221; background_color_gradient_stops=&#8221;#4b72b7 0%|#75bcdd 100%&#8221; background_color_gradient_start=&#8221;#4b72b7&#8243; background_color_gradient_end=&#8221;#75bcdd&#8221; background_image=&#8221;https:\/\/www.palogne.be\/wp-content\/uploads\/2020\/04\/kayak-bw-w600.jpg&#8221; background_enable_image=&#8221;off&#8221; background_position=&#8221;top_center&#8221; background_blend=&#8221;multiply&#8221; text_orientation=&#8221;center&#8221; background_layout=&#8221;dark&#8221; custom_margin=&#8221;0px||0px||false|false&#8221; custom_padding=&#8221;||0px||false|false&#8221; custom_css_blurb_image=&#8221;margin-top: 14px;&#8221; box_shadow_style=&#8221;preset3&#8243; text_shadow_style=&#8221;preset1&#8243; image_max_width=&#8221;100px&#8221; use_circle_border=&#8221;on&#8221; circle_border_color=&#8221;#ffffff&#8221; circle_color=&#8221;rgba(0,0,0,0)&#8221; global_module=&#8221;1398&#8243; saved_tabs=&#8221;all&#8221; locked=&#8221;off&#8221; global_colors_info=&#8221;{}&#8221; theme_builder_area=&#8221;post_content&#8221;]<\/p>\n<p>VTT traditionnel<br \/>1\/2 jour: 23 \u20ac &#8211; 1 jour: 28 \u20ac<\/p>\n<p>E-mountainbike (VTT \u00e9lectrique)<br \/>1\/2 jour: 40 \u20ac &#8211; 1 jour: 50 \u20ac<\/p>\n<p>[\/et_pb_blurb][et_pb_video src=&#8221;https:\/\/www.youtube.com\/watch?v=aTOckxaV2ps&#8221; thumbnail_overlay_color=&#8221;rgba(0,0,0,0.6)&#8221; _builder_version=&#8221;4.16&#8243; global_colors_info=&#8221;{}&#8221; theme_builder_area=&#8221;post_content&#8221;][\/et_pb_video][et_pb_text _builder_version=&#8221;4.16&#8243; header_3_text_color=&#8221;#4b72b7&#8243; background_color=&#8221;#FFFFFF&#8221; use_background_color_gradient=&#8221;on&#8221; background_color_gradient_stops=&#8221;#ffffff 0%|#ffffff 100%&#8221; background_color_gradient_start=&#8221;#ffffff&#8221; background_color_gradient_end=&#8221;#ffffff&#8221; custom_padding=&#8221;14px|14px|14px|14px|true|true&#8221; border_color_all=&#8221;#75BCDD&#8221; border_width_top=&#8221;3px&#8221; border_color_top=&#8221;#75bcdd&#8221; box_shadow_style=&#8221;preset3&#8243; saved_tabs=&#8221;all&#8221; global_colors_info=&#8221;{}&#8221; theme_builder_area=&#8221;post_content&#8221;]<\/p>\n<p><strong>Indicatieve status: <ul><li>Mountainbikeverhuur en minigolf: <span class=\"djb_open\">9:00&nbsp;-&nbsp;17:00<\/span><\/li><\/ul><\/p>\n<p><a href=\"https:\/\/www.palogne.be\/nl\/openingstijdens\/\"><i class=\"arrow_right\"><\/i>Volledig tijdschema<\/a>[\/et_pb_text][et_pb_text _builder_version=&#8221;4.16&#8243; header_3_text_color=&#8221;#4b72b7&#8243; custom_padding=&#8221;14px|14px|14px|14px|true|true&#8221; border_width_top=&#8221;3px&#8221; border_color_top=&#8221;#75bcdd&#8221; box_shadow_style=&#8221;preset3&#8243; saved_tabs=&#8221;all&#8221; global_colors_info=&#8221;{}&#8221; theme_builder_area=&#8221;post_content&#8221;]<\/p>\n<h3>Goed om te weten:<\/h3>\n<ul>\n<li>Aan groepen van 20 of meer personen wordt een korting van 10% toegekend (op voorwaarde dat \u00e9\u00e9n persoon voor de hele groep betaalt).<\/li>\n<li>De toegang tot het hoofdterrein, de speeltuin en de parkeerplaats is gratis!<\/li>\n<li>Aan het Domein van Palogne is het label &#8220;<a href=\"https:\/\/www.tourismewallonie.be\/label-bienvenue-velo\" target=\"_blank\" rel=\"noopener noreferrer\">Fiets Welkom<\/a>&#8221; toegekend.<\/li>\n<li>Komt u met uw eigen fiets naar het Domein? Onze receptie biedt u gratis gebruik van een vaste fietspomp en de mogelijkheid om kleine reparatiebenodigdheden aan te schaffen (binnenband, reparatiesetje, &#8230;).<\/li>\n<li>Overdag kunt u voor een hapje of drankje terecht op het gezellige terras van de <a href=\"https:\/\/www.palogne.be\/nl\/overnachten-en-eten-in-palogne\/\">Taverne van Palogne<\/a>. Pannenkoeken, Luikse ballen, steengrillgerechten, maar ook talrijke streekbieren en lokale producten zullen jong en oud in verrukking brengen. Pannenkoeken, Luikse ballen, steengrillgerechten, maar ook talrijke streekbieren en lokale producten zullen jong en oud in verrukking brengen.<\/li>\n<\/ul>\n<h4><strong>Praktische informatie en veiligheid<\/strong><\/h4>\n<ul>\n<li>Mountainbiken is een fysieke activiteit die om een minimale fysieke conditie vraagt, zonder ernstige gezondheidsproblemen (geen risico door hartaandoeningen,&#8230; )<\/li>\n<li>De helm wordt gratis ter beschikking gesteld en is verplicht voor kinderen onder de 14 jaar. Het dragen van een helm wordt ook sterk aanbevolen voor volwassenen. Il est \u00e9galement tr\u00e8s vivement recommand\u00e9 pour les adultes.<\/li>\n<li>Afhankelijk van de weersomstandigheden en de zonuren raden wij u aan om water en geschikte\/reservekleding mee te nemen.<\/li>\n<\/ul>\n<p><strong>Het hele team van het Domein staat tot uw beschikking en heet u vriendelijk verwelkom!<\/strong><\/p>\n<p>[\/et_pb_text][et_pb_sidebar _builder_version=&#8221;4.16&#8243; global_colors_info=&#8221;{}&#8221; theme_builder_area=&#8221;post_content&#8221;][\/et_pb_sidebar][\/et_pb_column][et_pb_column type=&#8221;1_3&#8243; _builder_version=&#8221;4.16&#8243; global_colors_info=&#8221;{}&#8221; theme_builder_area=&#8221;post_content&#8221;][et_pb_text _builder_version=&#8221;4.27.0&#8243; text_orientation=&#8221;justified&#8221; global_colors_info=&#8221;{}&#8221; theme_builder_area=&#8221;post_content&#8221;]<\/p>\n<h2>Ontdek de Belgische Ardennen vanaf het Domein van Palogne op de mountainbike<\/h2>\n<p><strong>Een fietstocht met de mountainbike is de perfecte gelegenheid om met familie of vrienden de natuurlijke omgeving van het Domein van Palogne te ontdekken. Naar Durbuy, Ferri\u00e8res en Hamoir, De regio rond Palogne zit vol pittoreske paden om te verkennen, prachtige uitzichten en mogelijkheden voor sightseeing!<\/strong><\/p>\n<p>Het Domaine van Palogne heeft meer dan <strong>160 fietsen<\/strong> voor alle maten, van kinderen tot volwassenen, en <strong>30 elektrische mountainbikes.<\/strong> Deel de geneugten van een natuurexpeditie met uw gezin of in een groep. <strong>3 circuits<\/strong> zijn bewegwijzerd vanaf het Domaine en de pre-Ravel van de Ferme de Palogne verbindt Palogne met Durbuy, Hamoir en Comblain-au-Pont! Ons gepassioneerde fietsteam kan u bij de receptie van het Domein adviseren over fietsroutes voor alle niveaus en alle wensen. Er zijn ook routekaarten te koop.<span style=\"font-size: 14px;\"> <\/span><\/p>\n<p>[\/et_pb_text][et_pb_button button_url=&#8221;@ET-DC@eyJkeW5hbWljIjp0cnVlLCJjb250ZW50IjoicG9zdF9saW5rX3VybF9wYWdlIiwic2V0dGluZ3MiOnsicG9zdF9pZCI6IjEzODYifX0=@&#8221; button_text=&#8221;Zie onze fietsroutes&#8221; button_alignment=&#8221;center&#8221; _builder_version=&#8221;4.16&#8243; _dynamic_attributes=&#8221;button_url&#8221; global_colors_info=&#8221;{}&#8221; theme_builder_area=&#8221;post_content&#8221;][\/et_pb_button][et_pb_cta title=&#8221;Knooppuntensysteem van de Provincie Luik&#8221; button_url=&#8221;https:\/\/www.liegetourisme.be\/parcours-pointsnoeuds&#8221; url_new_window=&#8221;on&#8221; button_text=&#8221;Meer infos&#8221; _builder_version=&#8221;4.27.0&#8243; _module_preset=&#8221;default&#8221; background_color=&#8221;#FFFFFF&#8221; background_image=&#8221;https:\/\/www.palogne.be\/wp-content\/uploads\/2020\/06\/points-noeuds-province-liege.jpg&#8221; custom_button=&#8221;on&#8221; button_text_color=&#8221;#FFFFFF&#8221; link_option_url=&#8221;https:\/\/www.liegetourisme.be\/parcours-pointsnoeuds&#8221; link_option_url_new_window=&#8221;on&#8221; global_colors_info=&#8221;{}&#8221; theme_builder_area=&#8221;post_content&#8221;]<\/p>\n<p>Weet u al hoe het knooppuntensysteem van de Provincie Luik werkt? Selecteer op de interactieve kaart een startpunt en een eindpunt en stippel zo uw route uit&#8230; Je kunt je eigen tour op maat plannen met behulp van de interactieve kaart&#8230;<\/p>\n<p>[\/et_pb_cta][et_pb_image src=&#8221;https:\/\/www.palogne.be\/wp-content\/uploads\/2020\/05\/vtt-en-famille-w600.jpg&#8221; alt=&#8221;Familie mountainbiken&#8221; title_text=&#8221;Familie mountainbiken&#8221; _builder_version=&#8221;4.16&#8243; box_shadow_style=&#8221;preset3&#8243; global_colors_info=&#8221;{}&#8221; theme_builder_area=&#8221;post_content&#8221;][\/et_pb_image][et_pb_text _builder_version=&#8221;4.24.2&#8243; background_color=&#8221;#ededed&#8221; text_orientation=&#8221;justified&#8221; custom_margin=&#8221;||0px||false|false&#8221; custom_padding=&#8221;15px|15px|15px|15px|true|true&#8221; border_width_top=&#8221;3px&#8221; border_color_top=&#8221;#75bcdd&#8221; box_shadow_style=&#8221;preset3&#8243; global_colors_info=&#8221;{}&#8221; theme_builder_area=&#8221;post_content&#8221;]<\/p>\n<p><span style=\"color: #333333; font-size: 23px;\">De &#8220;Transferusienne&#8221; te voet, met de fiets (mountainbike) of te paard!<\/span><\/p>\n<p>De Transf\u00e9rusienne, gereserveerd voor zachte mobiliteit, is een toeristische route van 20 km langs de oude tramlijn tussen Comblain en Manhay. Ze loopt door de gemeente Ferri\u00e8res en verbindt Werbomont met Xhoris. Deze route is in beide richtingen bewegwijzerd en sluit aan op de Ourthe RAVeL in Comblain-la-Tour!<\/p>\n<p style=\"text-align: center;\"><a class=\"et_pb_button\" href=\"https:\/\/www.routeyou.com\/fr-be\/route\/view\/4514067\/itineraire-a-velo\/transferrusienne\" target=\"_blank\" rel=\"noopener noreferrer\">Ontdek de &#8220;Transferrusienne&#8221;<\/a><\/p>\n<p>[\/et_pb_text][\/et_pb_column][et_pb_column type=&#8221;1_3&#8243; _builder_version=&#8221;4.16&#8243; global_colors_info=&#8221;{}&#8221; theme_builder_area=&#8221;post_content&#8221;][et_pb_code _builder_version=&#8221;4.17.0&#8243; _module_preset=&#8221;default&#8221; background_color=&#8221;#ededed&#8221; custom_margin=&#8221;||0px||false|false&#8221; custom_padding=&#8221;1em|1em|1em|1em|true|true&#8221; border_width_top=&#8221;3px&#8221; border_color_top=&#8221;#75BCDD&#8221; global_colors_info=&#8221;{}&#8221; theme_builder_area=&#8221;post_content&#8221;]<\/p>\n<h3>VTT en E-VTT verhuur<\/h3>\n<p><!-- [et_pb_line_break_holder] --><\/p>\n<style><!-- [et_pb_line_break_holder] -->  .co-widget-title{color: #cd5e29 !important;}<!-- [et_pb_line_break_holder] -->  .co-widget-icon{color: #75bcdd!important;}<!-- [et_pb_line_break_holder] -->  #BtnLaunchBooking{background: #cd5e29 !important; font-weight: 500 !important;}<!-- [et_pb_line_break_holder] --><\/style>\n<div id=\"ConstellationWidgetContainer7ec9e0ac-cca8-41e6-a63d-799d6c5b5b95\" style=\"width:100%\" title=\"Domein van Palogne\" data-id-projet=\"7ec9e0accca841e6a63d799d6c5b5b95\">Laden in uitvoering&#8230;<\/div>\n<p> <script type=\"text\/javascript\" src=\"https:\/\/reservation.elloha.com\/Scripts\/widget-loader.min.js?v=42\"><\/script> <script type=\"text\/javascript\">var constellationWidgetUrl7ec9e0accca841e6a63d799d6c5b5b95, constellationTypeModule7ec9e0accca841e6a63d799d6c5b5b95; constellationWidgetUrl7ec9e0accca841e6a63d799d6c5b5b95 = 'https:\/\/reservation.elloha.com\/Widget\/BookingEngine\/7ec9e0ac-cca8-41e6-a63d-799d6c5b5b95?idoi=5146f816-4cc5-4881-8325-fcac443da7d7&culture=fr-FR'; constellationTypeModule7ec9e0accca841e6a63d799d6c5b5b95=1; constellationWidgetLoad('ConstellationWidgetContainer7ec9e0ac-cca8-41e6-a63d-799d6c5b5b95'); constellationWidgetAddEvent(window, \"resize\", function () { constellationWidgetSetAppearance('ConstellationWidgetContainer7ec9e0ac-cca8-41e6-a63d-799d6c5b5b95'); });<\/script>[\/et_pb_code][et_pb_text _builder_version=&#8221;4.24.2&#8243; _module_preset=&#8221;default&#8221; custom_margin=&#8221;10px||||false|false&#8221; link_option_url=&#8221;https:\/\/totemus.com\/les-chasses\/193-liege-ferrieres-nature-et-patrimoine-au-depart-du-domaine-de-palogne\/&#8221; link_option_url_new_window=&#8221;on&#8221; border_width_all=&#8221;4px&#8221; global_colors_info=&#8221;{}&#8221; theme_builder_area=&#8221;post_content&#8221;]<\/p>\n<h2 style=\"text-align: center;\"><\/h2>\n<h2 style=\"text-align: center;\">De nieuwe TOTEMUS fietsjacht op het Domaine de Palogne!<\/h2>\n<p>[\/et_pb_text][et_pb_image src=&#8221;https:\/\/www.palogne.be\/wp-content\/uploads\/2023\/07\/Nouvelle-chasse-au-tresor-840-x-630-px.png&#8221; alt=&#8221;Koppels mountainbiken&#8221; title_text=&#8221;Nouvelle chasse au tr\u00e9sor (840 x 630 px)&#8221; url=&#8221;https:\/\/totemus.com\/les-chasses\/193-liege-ferrieres-nature-et-patrimoine-au-depart-du-domaine-de-palogne\/&#8221; url_new_window=&#8221;on&#8221; _builder_version=&#8221;4.24.2&#8243; global_colors_info=&#8221;{}&#8221; theme_builder_area=&#8221;post_content&#8221;][\/et_pb_image][et_pb_text _builder_version=&#8221;4.24.2&#8243; _module_preset=&#8221;default&#8221; custom_margin=&#8221;|||0px|false|false&#8221; custom_padding=&#8221;0px||||false|false&#8221; border_width_bottom=&#8221;2px&#8221; global_colors_info=&#8221;{}&#8221; theme_builder_area=&#8221;post_content&#8221;]<\/p>\n<p style=\"text-align: justify;\"><strong>Vertrek vanuit Palogne voor een schattenjacht op de mountainbike of de E-Bike. Ontdek de weelderige landschappen van de Calestienne, de ongerepte natuur en het uitzonderlijke erfgoed rond het Burcht van Logne. Rijd door de dorpen My, uitgeroepen tot een van de &#8220;Mooiste Dorpen van Walloni\u00eb&#8221;, en Sy, met zijn beroemde rotsklimrotsen (een site van groot biologisch belang). Eindig je landelijke tocht langs de Ourthe.<\/strong><\/p>\n<p><em>Deze jacht werd uitgevoerd met de steun en medewerking van de F\u00e9d\u00e9ration du Tourisme de la Province de Li\u00e8ge, het Office du Tourisme de la Commune de Ferri\u00e8res en le GREOVA.<\/em><\/p>\n<p>&nbsp;<\/p>\n<p>[\/et_pb_text][et_pb_text _builder_version=&#8221;4.16&#8243; text_orientation=&#8221;justified&#8221; global_colors_info=&#8221;{}&#8221; theme_builder_area=&#8221;post_content&#8221;]<\/p>\n<h3>Wat u moet weten over uw fietstocht:<\/h3>\n<ul>\n<li>Meld u met een identiteitsbewijs bij de SPORT-receptie van het Domein.<\/li>\n<li>De helm wordt gratis ter beschikking gesteld.<\/li>\n<li>We bieden ook gratis toegang tot de kleedkamers.<\/li>\n<li>Voor ieders veiligheid geven we de voorkeur aan betalingen met een betaalkaart.<\/li>\n<li>U krijgt gratis een reparatieset (\u00e9\u00e9n per groep) te leen.<\/li>\n<\/ul>\n<p>[\/et_pb_text][et_pb_sidebar area=&#8221;et_pb_widget_area_10&#8243; show_border=&#8221;off&#8221; module_class=&#8221;djb_histoire-plus&#8221; _builder_version=&#8221;4.16&#8243; header_font=&#8221;||||||||&#8221; header_text_color=&#8221;#4b72b7&#8243; custom_margin=&#8221;||||false|false&#8221; custom_padding=&#8221;10px|10px|10px|10px|true|true&#8221; custom_css_main_element=&#8221;border-top: 3px solid #75bcdd;&#8221; custom_css_widget=&#8221;margin-bottom: 10px !important;||&#8221; custom_css_title=&#8221;font-size: 20px;&#8221; box_shadow_style=&#8221;preset3&#8243; global_colors_info=&#8221;{}&#8221; theme_builder_area=&#8221;post_content&#8221;][\/et_pb_sidebar][\/et_pb_column][\/et_pb_row][\/et_pb_section]<\/p>\n","protected":false},"excerpt":{"rendered":"<p>VTT traditionnel1\/2 jour: 23 \u20ac &#8211; 1 jour: 28 \u20ac E-mountainbike (VTT \u00e9lectrique)1\/2 jour: 40 \u20ac &#8211; 1 jour: 50 \u20ac Indicatieve status: <ul><li>Mountainbikeverhuur en minigolf: <span class=\"djb_open\">9:00&nbsp;-&nbsp;17:00<\/span><\/li><\/ul> Volledig tijdschemaGoed om te weten: Aan groepen van 20 of meer personen wordt een korting van 10% toegekend (op voorwaarde dat \u00e9\u00e9n persoon voor de hele groep betaalt). De toegang [&hellip;]<\/p>\n","protected":false},"author":2,"featured_media":1353,"parent":0,"menu_order":0,"comment_status":"closed","ping_status":"closed","template":"","meta":{"_et_pb_use_builder":"on","_et_pb_old_content":"","_et_gb_content_width":"","footnotes":""},"class_list":["post-2043","page","type-page","status-publish","has-post-thumbnail","hentry"],"yoast_head":"<!-- This site is optimized with the Yoast SEO plugin v26.5 - https:\/\/yoast.com\/wordpress\/plugins\/seo\/ -->\n<title>Mountainbikeverhuur in de Ardennen - Domein van Palogne<\/title>\n<meta name=\"robots\" content=\"index, follow, max-snippet:-1, max-image-preview:large, max-video-preview:-1\" \/>\n<link rel=\"canonical\" href=\"https:\/\/www.palogne.be\/nl\/mountainbike-verhuur-in-de-ardennen\/\" \/>\n<meta property=\"og:locale\" content=\"nl_NL\" \/>\n<meta property=\"og:type\" content=\"article\" \/>\n<meta property=\"og:title\" content=\"Mountainbikeverhuur in de Ardennen - Domein van Palogne\" \/>\n<meta property=\"og:description\" content=\"VTT traditionnel1\/2 jour: 23 \u20ac - 1 jour: 28 \u20ac E-mountainbike (VTT \u00e9lectrique)1\/2 jour: 40 \u20ac - 1 jour: 50 \u20ac Indicatieve status: Volledig tijdschemaGoed om te weten: Aan groepen van 20 of meer personen wordt een korting van 10% toegekend (op voorwaarde dat \u00e9\u00e9n persoon voor de hele groep betaalt). De toegang [&hellip;]\" \/>\n<meta property=\"og:url\" content=\"https:\/\/www.palogne.be\/nl\/mountainbike-verhuur-in-de-ardennen\/\" \/>\n<meta property=\"og:site_name\" content=\"Domein van Palogne\" \/>\n<meta property=\"article:modified_time\" content=\"2026-03-31T12:56:04+00:00\" \/>\n<meta property=\"og:image\" content=\"https:\/\/www.palogne.be\/wp-content\/uploads\/2020\/05\/vtt-1920x400-1.jpg\" \/>\n\t<meta property=\"og:image:width\" content=\"1920\" \/>\n\t<meta property=\"og:image:height\" content=\"400\" \/>\n\t<meta property=\"og:image:type\" content=\"image\/jpeg\" \/>\n<meta name=\"twitter:card\" content=\"summary_large_image\" \/>\n<meta name=\"twitter:label1\" content=\"Geschatte leestijd\" \/>\n\t<meta name=\"twitter:data1\" content=\"8 minuten\" \/>\n<script type=\"application\/ld+json\" class=\"yoast-schema-graph\">{\"@context\":\"https:\/\/schema.org\",\"@graph\":[{\"@type\":\"WebPage\",\"@id\":\"https:\/\/www.palogne.be\/nl\/mountainbike-verhuur-in-de-ardennen\/\",\"url\":\"https:\/\/www.palogne.be\/nl\/mountainbike-verhuur-in-de-ardennen\/\",\"name\":\"Mountainbikeverhuur in de Ardennen - Domein van Palogne\",\"isPartOf\":{\"@id\":\"https:\/\/www.palogne.be\/#website\"},\"primaryImageOfPage\":{\"@id\":\"https:\/\/www.palogne.be\/nl\/mountainbike-verhuur-in-de-ardennen\/#primaryimage\"},\"image\":{\"@id\":\"https:\/\/www.palogne.be\/nl\/mountainbike-verhuur-in-de-ardennen\/#primaryimage\"},\"thumbnailUrl\":\"https:\/\/www.palogne.be\/wp-content\/uploads\/2020\/05\/vtt-1920x400-1.jpg\",\"datePublished\":\"2020-06-18T04:46:31+00:00\",\"dateModified\":\"2026-03-31T12:56:04+00:00\",\"breadcrumb\":{\"@id\":\"https:\/\/www.palogne.be\/nl\/mountainbike-verhuur-in-de-ardennen\/#breadcrumb\"},\"inLanguage\":\"nl-NL\",\"potentialAction\":[{\"@type\":\"ReadAction\",\"target\":[\"https:\/\/www.palogne.be\/nl\/mountainbike-verhuur-in-de-ardennen\/\"]}]},{\"@type\":\"ImageObject\",\"inLanguage\":\"nl-NL\",\"@id\":\"https:\/\/www.palogne.be\/nl\/mountainbike-verhuur-in-de-ardennen\/#primaryimage\",\"url\":\"https:\/\/www.palogne.be\/wp-content\/uploads\/2020\/05\/vtt-1920x400-1.jpg\",\"contentUrl\":\"https:\/\/www.palogne.be\/wp-content\/uploads\/2020\/05\/vtt-1920x400-1.jpg\",\"width\":1920,\"height\":400,\"caption\":\"MTB in de Ardennen\"},{\"@type\":\"BreadcrumbList\",\"@id\":\"https:\/\/www.palogne.be\/nl\/mountainbike-verhuur-in-de-ardennen\/#breadcrumb\",\"itemListElement\":[{\"@type\":\"ListItem\",\"position\":1,\"name\":\"Home\",\"item\":\"https:\/\/www.palogne.be\/nl\/hoofdpagina\/\"},{\"@type\":\"ListItem\",\"position\":2,\"name\":\"Mountainbikeverhuur in de Ardennen\"}]},{\"@type\":\"WebSite\",\"@id\":\"https:\/\/www.palogne.be\/#website\",\"url\":\"https:\/\/www.palogne.be\/\",\"name\":\"Domein van Palogne\",\"description\":\"Geschiedenis en avontuur middenin de natuur\",\"potentialAction\":[{\"@type\":\"SearchAction\",\"target\":{\"@type\":\"EntryPoint\",\"urlTemplate\":\"https:\/\/www.palogne.be\/?s={search_term_string}\"},\"query-input\":{\"@type\":\"PropertyValueSpecification\",\"valueRequired\":true,\"valueName\":\"search_term_string\"}}],\"inLanguage\":\"nl-NL\"}]}<\/script>\n<!-- \/ Yoast SEO plugin. -->","yoast_head_json":{"title":"Mountainbikeverhuur in de Ardennen - Domein van Palogne","robots":{"index":"index","follow":"follow","max-snippet":"max-snippet:-1","max-image-preview":"max-image-preview:large","max-video-preview":"max-video-preview:-1"},"canonical":"https:\/\/www.palogne.be\/nl\/mountainbike-verhuur-in-de-ardennen\/","og_locale":"nl_NL","og_type":"article","og_title":"Mountainbikeverhuur in de Ardennen - Domein van Palogne","og_description":"VTT traditionnel1\/2 jour: 23 \u20ac - 1 jour: 28 \u20ac E-mountainbike (VTT \u00e9lectrique)1\/2 jour: 40 \u20ac - 1 jour: 50 \u20ac Indicatieve status: Volledig tijdschemaGoed om te weten: Aan groepen van 20 of meer personen wordt een korting van 10% toegekend (op voorwaarde dat \u00e9\u00e9n persoon voor de hele groep betaalt). De toegang [&hellip;]","og_url":"https:\/\/www.palogne.be\/nl\/mountainbike-verhuur-in-de-ardennen\/","og_site_name":"Domein van Palogne","article_modified_time":"2026-03-31T12:56:04+00:00","og_image":[{"width":1920,"height":400,"url":"https:\/\/www.palogne.be\/wp-content\/uploads\/2020\/05\/vtt-1920x400-1.jpg","type":"image\/jpeg"}],"twitter_card":"summary_large_image","twitter_misc":{"Geschatte leestijd":"8 minuten"},"schema":{"@context":"https:\/\/schema.org","@graph":[{"@type":"WebPage","@id":"https:\/\/www.palogne.be\/nl\/mountainbike-verhuur-in-de-ardennen\/","url":"https:\/\/www.palogne.be\/nl\/mountainbike-verhuur-in-de-ardennen\/","name":"Mountainbikeverhuur in de Ardennen - Domein van Palogne","isPartOf":{"@id":"https:\/\/www.palogne.be\/#website"},"primaryImageOfPage":{"@id":"https:\/\/www.palogne.be\/nl\/mountainbike-verhuur-in-de-ardennen\/#primaryimage"},"image":{"@id":"https:\/\/www.palogne.be\/nl\/mountainbike-verhuur-in-de-ardennen\/#primaryimage"},"thumbnailUrl":"https:\/\/www.palogne.be\/wp-content\/uploads\/2020\/05\/vtt-1920x400-1.jpg","datePublished":"2020-06-18T04:46:31+00:00","dateModified":"2026-03-31T12:56:04+00:00","breadcrumb":{"@id":"https:\/\/www.palogne.be\/nl\/mountainbike-verhuur-in-de-ardennen\/#breadcrumb"},"inLanguage":"nl-NL","potentialAction":[{"@type":"ReadAction","target":["https:\/\/www.palogne.be\/nl\/mountainbike-verhuur-in-de-ardennen\/"]}]},{"@type":"ImageObject","inLanguage":"nl-NL","@id":"https:\/\/www.palogne.be\/nl\/mountainbike-verhuur-in-de-ardennen\/#primaryimage","url":"https:\/\/www.palogne.be\/wp-content\/uploads\/2020\/05\/vtt-1920x400-1.jpg","contentUrl":"https:\/\/www.palogne.be\/wp-content\/uploads\/2020\/05\/vtt-1920x400-1.jpg","width":1920,"height":400,"caption":"MTB in de Ardennen"},{"@type":"BreadcrumbList","@id":"https:\/\/www.palogne.be\/nl\/mountainbike-verhuur-in-de-ardennen\/#breadcrumb","itemListElement":[{"@type":"ListItem","position":1,"name":"Home","item":"https:\/\/www.palogne.be\/nl\/hoofdpagina\/"},{"@type":"ListItem","position":2,"name":"Mountainbikeverhuur in de Ardennen"}]},{"@type":"WebSite","@id":"https:\/\/www.palogne.be\/#website","url":"https:\/\/www.palogne.be\/","name":"Domein van Palogne","description":"Geschiedenis en avontuur middenin de natuur","potentialAction":[{"@type":"SearchAction","target":{"@type":"EntryPoint","urlTemplate":"https:\/\/www.palogne.be\/?s={search_term_string}"},"query-input":{"@type":"PropertyValueSpecification","valueRequired":true,"valueName":"search_term_string"}}],"inLanguage":"nl-NL"}]}},"_links":{"self":[{"href":"https:\/\/www.palogne.be\/nl\/wp-json\/wp\/v2\/pages\/2043","targetHints":{"allow":["GET"]}}],"collection":[{"href":"https:\/\/www.palogne.be\/nl\/wp-json\/wp\/v2\/pages"}],"about":[{"href":"https:\/\/www.palogne.be\/nl\/wp-json\/wp\/v2\/types\/page"}],"author":[{"embeddable":true,"href":"https:\/\/www.palogne.be\/nl\/wp-json\/wp\/v2\/users\/2"}],"replies":[{"embeddable":true,"href":"https:\/\/www.palogne.be\/nl\/wp-json\/wp\/v2\/comments?post=2043"}],"version-history":[{"count":3,"href":"https:\/\/www.palogne.be\/nl\/wp-json\/wp\/v2\/pages\/2043\/revisions"}],"predecessor-version":[{"id":8909,"href":"https:\/\/www.palogne.be\/nl\/wp-json\/wp\/v2\/pages\/2043\/revisions\/8909"}],"wp:featuredmedia":[{"embeddable":true,"href":"https:\/\/www.palogne.be\/nl\/wp-json\/wp\/v2\/media\/1353"}],"wp:attachment":[{"href":"https:\/\/www.palogne.be\/nl\/wp-json\/wp\/v2\/media?parent=2043"}],"curies":[{"name":"wp","href":"https:\/\/api.w.org\/{rel}","templated":true}]}}