{"id":2032,"date":"2020-06-17T18:00:47","date_gmt":"2020-06-17T16:00:47","guid":{"rendered":"https:\/\/www.palogne.be\/kajak-verhuur-langs-de-ourthe\/"},"modified":"2026-03-31T15:02:05","modified_gmt":"2026-03-31T13:02:05","slug":"kajak-verhuur-langs-de-ourthe","status":"publish","type":"page","link":"https:\/\/www.palogne.be\/nl\/kajak-verhuur-langs-de-ourthe\/","title":{"rendered":"Kajakken op de Ourthe"},"content":{"rendered":"<p>[et_pb_section fb_built=&#8221;1&#8243; _builder_version=&#8221;4.16&#8243; custom_padding=&#8221;0px||0px|0px|false|false&#8221; global_colors_info=&#8221;{}&#8221; theme_builder_area=&#8221;post_content&#8221;][et_pb_row column_structure=&#8221;1_3,1_3,1_3&#8243; use_custom_gutter=&#8221;on&#8221; gutter_width=&#8221;2&#8243; _builder_version=&#8221;4.16&#8243; custom_padding=&#8221;||0px|||&#8221; global_colors_info=&#8221;{}&#8221; theme_builder_area=&#8221;post_content&#8221;][et_pb_column type=&#8221;1_3&#8243; _builder_version=&#8221;4.16&#8243; global_colors_info=&#8221;{}&#8221; theme_builder_area=&#8221;post_content&#8221;][et_pb_blurb title=&#8221;Kajak tarief 2025&#8243; image=&#8221;https:\/\/www.palogne.be\/wp-content\/uploads\/2024\/04\/NEWpicto_kayak.webp&#8221; image_icon_width=&#8221;100px&#8221; module_class=&#8221;djb_tarif&#8221; _builder_version=&#8221;4.27.0&#8243; header_level=&#8221;h3&#8243; background_color=&#8221;#888887&#8243; use_background_color_gradient=&#8221;on&#8221; background_color_gradient_stops=&#8221;#4b72b7 0%|#75bcdd 100%&#8221; background_color_gradient_start=&#8221;#4b72b7&#8243; background_color_gradient_end=&#8221;#75bcdd&#8221; background_image=&#8221;https:\/\/www.palogne.be\/wp-content\/uploads\/2020\/04\/kayak-bw-w600.jpg&#8221; background_enable_image=&#8221;off&#8221; background_position=&#8221;top_center&#8221; background_blend=&#8221;multiply&#8221; text_orientation=&#8221;center&#8221; background_layout=&#8221;dark&#8221; custom_padding=&#8221;||||false|false&#8221; hover_enabled=&#8221;0&#8243; custom_css_blurb_image=&#8221;margin-top: 14px;&#8221; box_shadow_style=&#8221;preset3&#8243; text_shadow_style=&#8221;preset1&#8243; image_max_width=&#8221;100px&#8221; circle_border_color=&#8221;#ffffff&#8221; global_module=&#8221;1348&#8243; saved_tabs=&#8221;all&#8221; global_colors_info=&#8221;{}&#8221; theme_builder_area=&#8221;post_content&#8221; sticky_enabled=&#8221;0&#8243;]<\/p>\n<p><strong>7,8 km duo:<\/strong> 24 \u20ac \/ personne<\/p>\n<p><strong>7,8 km trio:<\/strong> 48 \u20ac<br \/>(2 ad.. + 1 enf. max 1,20 m)<\/p>\n<p><strong>7,8 km mono:<\/strong> 28 \u20ac (\u00e0 partir de 16 ans)<\/p>\n<p><strong>Seau \u00e9tanche pour vos effets personnels<\/strong><strong>:<\/strong> 3 \u20ac<br \/><strong>Douche<\/strong>: 3 \u20ac<\/p>\n<p>&nbsp;<\/p>\n<p>[\/et_pb_blurb][et_pb_code _builder_version=&#8221;4.24.2&#8243; _module_preset=&#8221;default&#8221; background_color=&#8221;#ededed&#8221; custom_margin=&#8221;||0px||false|false&#8221; custom_padding=&#8221;1em|1em|1em|1em|true|true&#8221; border_width_top=&#8221;3px&#8221; border_color_top=&#8221;#75BCDD&#8221; locked=&#8221;off&#8221; global_colors_info=&#8221;{}&#8221; theme_builder_area=&#8221;post_content&#8221;]<\/p>\n<h3>KAYAK VERHUUR<\/h3>\n<p><!-- [et_pb_line_break_holder] --><\/p>\n<style><!-- [et_pb_line_break_holder] -->  .co-widget-title{color: #cd5e29 !important;}<!-- [et_pb_line_break_holder] -->  .co-widget-icon{color: #75bcdd!important;}<!-- [et_pb_line_break_holder] -->  #BtnLaunchBooking{background: #cd5e29 !important; font-weight: 500 !important;}<!-- [et_pb_line_break_holder] --><\/style>\n<div id=\"ConstellationWidgetContainer7ec9e0ac-cca8-41e6-a63d-799d6c5b5b95\" style=\"width:100%\" title=\"Domein van Palogne\" data-id-projet=\"7ec9e0accca841e6a63d799d6c5b5b95\">Laden in uitvoering&#8230;<\/div>\n<p> <script type=\"text\/javascript\" src=\"https:\/\/reservation.elloha.com\/Scripts\/widget-loader.min.js?v=42\"><\/script> <script type=\"text\/javascript\">var constellationWidgetUrl7ec9e0accca841e6a63d799d6c5b5b95, constellationTypeModule7ec9e0accca841e6a63d799d6c5b5b95; constellationWidgetUrl7ec9e0accca841e6a63d799d6c5b5b95 = 'https:\/\/reservation.elloha.com\/Widget\/BookingEngine\/7ec9e0ac-cca8-41e6-a63d-799d6c5b5b95?idoi=5146f816-4cc5-4881-8325-fcac443da7d7&culture=fr-FR'; constellationTypeModule7ec9e0accca841e6a63d799d6c5b5b95=1; constellationWidgetLoad('ConstellationWidgetContainer7ec9e0ac-cca8-41e6-a63d-799d6c5b5b95'); constellationWidgetAddEvent(window, \"resize\", function () { constellationWidgetSetAppearance('ConstellationWidgetContainer7ec9e0ac-cca8-41e6-a63d-799d6c5b5b95'); });<\/script>[\/et_pb_code][et_pb_text _builder_version=&#8221;4.24.2&#8243; header_3_text_color=&#8221;#4b72b7&#8243; background_color=&#8221;#FFFFFF&#8221; use_background_color_gradient=&#8221;on&#8221; background_color_gradient_stops=&#8221;#ffffff 0%|#ffffff 100%&#8221; background_color_gradient_start=&#8221;#ffffff&#8221; background_color_gradient_end=&#8221;#ffffff&#8221; custom_padding=&#8221;14px|14px|14px|14px|true|true&#8221; border_color_all=&#8221;#75BCDD&#8221; border_width_top=&#8221;3px&#8221; border_color_top=&#8221;#75bcdd&#8221; box_shadow_style=&#8221;preset3&#8243; saved_tabs=&#8221;all&#8221; global_colors_info=&#8221;{}&#8221; theme_builder_area=&#8221;post_content&#8221;]<\/p>\n<p><strong>Indicatieve status (<span style=\"color: #cd5e29;\">reservering aanbevolen<\/span>): <ul><li>Kajak: <span class=\"djb_open\">9:30&nbsp;-&nbsp;14:30<\/span><\/li><\/ul><br \/><\/strong><\/p>\n<p><a href=\"https:\/\/www.palogne.be\/nl\/openingstijdens\/\"><i class=\"arrow_right\"><\/i>Volledige openingstijden<\/a><br \/><span style=\"font-size: small;\">Neem contact met ons op om te zien of navigatie mogelijk is<a href=\"http:\/\/voies-hydrauliques.wallonie.be\/opencms\/opencms\/fr\/hydro\/Actuelle\/crue\/cruetableau.do?id=44\">.<\/a><br \/><a href=\"https:\/\/hydrometrie.wallonie.be\/home\/observations\/hauteur.html?station=DGH%2F5921&amp;topic=Q-hr\" target=\"_blank\" rel=\"noopener\">Bekijk de offici\u00eble navigatiestatus van de Ourthe stroomafwaarts van het mobiele waterdam van Barvaux<\/a><\/span><\/p>\n<p><span style=\"font-size: small;\">(Opening van de activiteit met een minimum van 4m\u00b3\/s en sluiting boven 20 m\u00b3\/s).<\/span><span style=\"font-size: small;\"><\/span><\/p>\n<p>[\/et_pb_text][et_pb_text _builder_version=&#8221;4.27.0&#8243; _module_preset=&#8221;default&#8221; border_width_all=&#8221;3px&#8221; border_color_all=&#8221;#77AD46&#8243; border_width_top=&#8221;3px&#8221; global_colors_info=&#8221;{}&#8221; theme_builder_area=&#8221;post_content&#8221;]<\/p>\n<p><strong><\/strong><\/p>\n<p style=\"text-align: center;\"><strong>Afdalingsschema en reserveringen op<br \/>086\/ 21 24 12 of per e-mail: sport@palogne.be<\/strong><\/p>\n<p style=\"text-align: center;\"><strong><\/strong><\/p>\n<p>[\/et_pb_text][et_pb_text _builder_version=&#8221;4.24.2&#8243; header_3_text_color=&#8221;#4b72b7&#8243; custom_padding=&#8221;14px|14px|14px|14px|true|true&#8221; border_width_all=&#8221;4px&#8221; border_color_all=&#8221;#75BCDD&#8221; border_width_top=&#8221;3px&#8221; border_color_top=&#8221;#75bcdd&#8221; box_shadow_style=&#8221;preset3&#8243; global_module=&#8221;1349&#8243; saved_tabs=&#8221;all&#8221; global_colors_info=&#8221;{}&#8221; theme_builder_area=&#8221;post_content&#8221;]<\/p>\n<h3>Bon \u00e0 savoir:<\/h3>\n<ul>\n<li>Une remise de 10% est accord\u00e9e aux groupes \u00e0 partir de 20 personnes (\u00e0 la condition qu\u2019une seule personne r\u00e8gle pour l\u2019ensemble du groupe).<\/li>\n<li>L\u2019acc\u00e8s au site principal, \u00e0 la plaine de jeux et au parking est <strong>gratuit<\/strong> !<\/li>\n<li>Pour la s\u00e9curit\u00e9 de tous, nous pr\u00e9f\u00e9rons le paiement par carte.<\/li>\n<\/ul>\n<h4><strong>Infos pratiques et de s\u00e9curit\u00e9<\/strong><\/h4>\n<p>Pour une descente en kayak r\u00e9ussie, nous vous invitons \u00e0 prendre connaissance des dispositions suivantes :<\/p>\n<ul>\n<li>La pratique du kayak est une activit\u00e9 physique qui suppose que vous disposiez d\u2019une condition physique minimale, sans probl\u00e8mes graves (pas de risque cardiaque\u2026)<\/li>\n<li>L\u2019embarquement et le d\u00e9barquement se font uniquement aux endroits pr\u00e9vus \u00e0 cet effet. Il est interdit de pique-niquer ou de s&#8217;arr\u00eater le long des berges sous peine d\u2019amendes par les pouvoirs locaux.<\/li>\n<li>Le soin et la pr\u00e9servation notre patrimoine naturel commun sont essentiels\u2026 Ne laissez aucun d\u00e9chet derri\u00e8re vous!<\/li>\n<li>Les chiens sont interdits \u00e0 bord des kayaks.<\/li>\n<li>Merci de ne pas emmener d\u2019alcool \u00e0 bord.<\/li>\n<li>Des WC sont pr\u00e9sents sur le site du Domaine mais pas au point de d\u00e9part de Barvaux ; soyez pr\u00e9voyants !<\/li>\n<li>Le gilet de sauvetage est fourni gratuitement.<\/li>\n<li>Les enfants de moins de 14 ans ne sont pas autoris\u00e9s \u00e0 naviguer seuls.<\/li>\n<li>Les enfants de moins de 12 ans et les personnes qui ne savent pas nager doivent porter le gilet de sauvetage.<\/li>\n<\/ul>\n<p>Enfin, nous vous recommandons de pr\u00e9voir de l\u2019eau ainsi que de la cr\u00e8me solaire, une casquette et une tenue adapt\u00e9e.<\/p>\n<p><strong>Au plaisir de vous accueillir pour votre promenade au fil de l\u2019eau !<\/strong><\/p>\n<p>[\/et_pb_text][et_pb_sidebar _builder_version=&#8221;4.16&#8243; global_colors_info=&#8221;{}&#8221; theme_builder_area=&#8221;post_content&#8221;][\/et_pb_sidebar][\/et_pb_column][et_pb_column type=&#8221;1_3&#8243; _builder_version=&#8221;4.16&#8243; global_colors_info=&#8221;{}&#8221; theme_builder_area=&#8221;post_content&#8221;][et_pb_text _builder_version=&#8221;4.16&#8243; text_orientation=&#8221;justified&#8221; global_colors_info=&#8221;{}&#8221; theme_builder_area=&#8221;post_content&#8221;]<\/p>\n<p><strong>Glij over het water in het Domein van Palogne en beleef een onvergetelijke kajakafdaling. Vaar vanaf de \u201cFerme de Palogne\u201d de Ourthe af, een afdaling van 7,8 km. Een ideale activiteit voor families en groepen.<\/strong><\/p>\n<p>Deel met uw gezin of in een groep de geneugten van een bad in de natuur en ongerepte landschappen aan de poort van de Ardennen.<br \/> Onze bussen brengen u naar de vertrekpier in Barvaux; zo begint uw avontuur in de prachtige vallei van de Ourthe&#8230;<br \/> Aan het einde van uw kajaktocht staan douches en kleedkamers tot uw beschikking en alle infrastructuur van het Domaine heet u welkom om een perfect geslaagde dag van ontspanning voort te zetten&#8230; En waarom niet voor een pauze op het terras met lokale producten in de <a href=\"https:\/\/www.palogne.be\/nl\/overnachten-en-eten-in-palogne\/\">Taverne de la ferme de Palogne<\/a> ?<\/p>\n<p>[\/et_pb_text][et_pb_image src=&#8221;https:\/\/www.palogne.be\/wp-content\/uploads\/2020\/05\/kayak_w600.jpg&#8221; alt=&#8221;Kajak langs de Ourthe&#8221; title_text=&#8221;Kajak langs de Ourthe&#8221; _builder_version=&#8221;4.16&#8243; global_colors_info=&#8221;{}&#8221; theme_builder_area=&#8221;post_content&#8221;][\/et_pb_image][et_pb_text _builder_version=&#8221;4.16&#8243; text_orientation=&#8221;justified&#8221; global_colors_info=&#8221;{}&#8221; theme_builder_area=&#8221;post_content&#8221;]<\/p>\n<h3>Wat u moet weten over de afdaling:<\/h3>\n<p>Bij mooi weer raden wij u dringend aan <strong>om uw afdaling te reserveren<\/strong>!<\/p>\n<p>U dient zich <strong>een half uur voor<\/strong> uw geplande vertrektijd bij de receptie te melden met uw <strong>identiteitskaart<\/strong>.<\/p>\n<p>De vertrektijden zijn afhankelijk van het aantal passagiers en het weer: aarzel niet om telefonisch of bij je reservering naar de dienstregeling van de dag te vragen.<\/p>\n<p>Een reddingsvest wordt gratis verstrekt.<\/p>\n<p>De afdaling duurt gemiddeld 2 uur<\/p>\n<p>[\/et_pb_text][\/et_pb_column][et_pb_column type=&#8221;1_3&#8243; _builder_version=&#8221;4.16&#8243; global_colors_info=&#8221;{}&#8221; theme_builder_area=&#8221;post_content&#8221;][et_pb_sidebar area=&#8221;et_pb_widget_area_10&#8243; show_border=&#8221;off&#8221; module_class=&#8221;djb_histoire-plus&#8221; _builder_version=&#8221;4.16&#8243; header_font=&#8221;||||||||&#8221; header_text_color=&#8221;#4b72b7&#8243; custom_margin=&#8221;||||false|false&#8221; custom_padding=&#8221;10px|10px|10px|10px|true|true&#8221; custom_css_main_element=&#8221;border-top: 3px solid #75bcdd;&#8221; custom_css_widget=&#8221;margin-bottom: 10px !important;||&#8221; custom_css_title=&#8221;font-size: 20px;&#8221; box_shadow_style=&#8221;preset3&#8243; global_colors_info=&#8221;{}&#8221; theme_builder_area=&#8221;post_content&#8221;][\/et_pb_sidebar][et_pb_text _builder_version=&#8221;4.24.2&#8243; text_orientation=&#8221;justified&#8221; global_colors_info=&#8221;{}&#8221; theme_builder_area=&#8221;post_content&#8221;]<\/p>\n<h2>Varen&#8230; op het ritme van de natuur!<\/h2>\n<p>De afdaling ligt in een Natura 2000-gebied en het Domein de Palogne beschikt over een milieuvergunning waarin de exploitatievoorwaarden staan die het effect op de natuur zo veel mogelijk beperken. Om de natuur te beschermen en u een succesvolle ervaring te kunnen bieden, varen we uitsluitend bij een waterstroming van minimaal 3m3\/seconde. Het komt voor dat tijdens het kajakseizoen het varen op de Ourthe verboden is wegens een te lage of te hoge waterstand. Neem contact met ons op om na te gaan of varen mogelijk is! Om de natuur te beschermen en u een succesvolle ervaring te kunnen bieden, varen we uitsluitend bij een waterstroming van minimaal 3m3\/seconde. Durant la saison d&#8217;ouverture des kayaks, il arrive que la navigation sur l\u2019Ourthe soit interdite en raison d\u2019un niveau d\u2019eau trop bas ou trop haut.<\/p>\n<p>[\/et_pb_text][et_pb_image src=&#8221;https:\/\/www.palogne.be\/wp-content\/uploads\/2020\/05\/kaya-nature-w600.jpg&#8221; alt=&#8221;Kajak natuur&#8221; title_text=&#8221;Kajak natuur&#8221; _builder_version=&#8221;4.16&#8243; global_colors_info=&#8221;{}&#8221; theme_builder_area=&#8221;post_content&#8221;][\/et_pb_image][\/et_pb_column][\/et_pb_row][\/et_pb_section]<\/p>\n","protected":false},"excerpt":{"rendered":"<p>7,8 km duo: 24 \u20ac \/ personne 7,8 km trio: 48 \u20ac(2 ad.. + 1 enf. max 1,20 m) 7,8 km mono: 28 \u20ac (\u00e0 partir de 16 ans) Seau \u00e9tanche pour vos effets personnels: 3 \u20acDouche: 3 \u20ac &nbsp;Indicatieve status (reservering aanbevolen): <ul><li>Kajak: <span class=\"djb_open\">9:30&nbsp;-&nbsp;14:30<\/span><\/li><\/ul> Volledige openingstijdenNeem contact met ons op om te zien of [&hellip;]<\/p>\n","protected":false},"author":2,"featured_media":660,"parent":0,"menu_order":0,"comment_status":"closed","ping_status":"closed","template":"","meta":{"_et_pb_use_builder":"on","_et_pb_old_content":"","_et_gb_content_width":"","footnotes":""},"class_list":["post-2032","page","type-page","status-publish","has-post-thumbnail","hentry"],"yoast_head":"<!-- This site is optimized with the Yoast SEO plugin v26.5 - https:\/\/yoast.com\/wordpress\/plugins\/seo\/ -->\n<title>Kajakken op de Ourthe - Domein van Palogne<\/title>\n<meta name=\"robots\" content=\"index, follow, max-snippet:-1, max-image-preview:large, max-video-preview:-1\" \/>\n<link rel=\"canonical\" href=\"https:\/\/www.palogne.be\/nl\/kajak-verhuur-langs-de-ourthe\/\" \/>\n<meta property=\"og:locale\" content=\"nl_NL\" \/>\n<meta property=\"og:type\" content=\"article\" \/>\n<meta property=\"og:title\" content=\"Kajakken op de Ourthe - Domein van Palogne\" \/>\n<meta property=\"og:description\" content=\"7,8 km duo: 24 \u20ac \/ personne 7,8 km trio: 48 \u20ac(2 ad.. + 1 enf. max 1,20 m) 7,8 km mono: 28 \u20ac (\u00e0 partir de 16 ans) Seau \u00e9tanche pour vos effets personnels: 3 \u20acDouche: 3 \u20ac &nbsp;Indicatieve status (reservering aanbevolen): Volledige openingstijdenNeem contact met ons op om te zien of [&hellip;]\" \/>\n<meta property=\"og:url\" content=\"https:\/\/www.palogne.be\/nl\/kajak-verhuur-langs-de-ourthe\/\" \/>\n<meta property=\"og:site_name\" content=\"Domein van Palogne\" \/>\n<meta property=\"article:modified_time\" content=\"2026-03-31T13:02:05+00:00\" \/>\n<meta property=\"og:image\" content=\"https:\/\/www.palogne.be\/wp-content\/uploads\/2020\/04\/palogne-kayak-2-1920x1080-1.jpg\" \/>\n\t<meta property=\"og:image:width\" content=\"1920\" \/>\n\t<meta property=\"og:image:height\" content=\"1080\" \/>\n\t<meta property=\"og:image:type\" content=\"image\/jpeg\" \/>\n<meta name=\"twitter:card\" content=\"summary_large_image\" \/>\n<meta name=\"twitter:label1\" content=\"Geschatte leestijd\" \/>\n\t<meta name=\"twitter:data1\" content=\"7 minuten\" \/>\n<script type=\"application\/ld+json\" class=\"yoast-schema-graph\">{\"@context\":\"https:\/\/schema.org\",\"@graph\":[{\"@type\":\"WebPage\",\"@id\":\"https:\/\/www.palogne.be\/nl\/kajak-verhuur-langs-de-ourthe\/\",\"url\":\"https:\/\/www.palogne.be\/nl\/kajak-verhuur-langs-de-ourthe\/\",\"name\":\"Kajakken op de Ourthe - Domein van Palogne\",\"isPartOf\":{\"@id\":\"https:\/\/www.palogne.be\/#website\"},\"primaryImageOfPage\":{\"@id\":\"https:\/\/www.palogne.be\/nl\/kajak-verhuur-langs-de-ourthe\/#primaryimage\"},\"image\":{\"@id\":\"https:\/\/www.palogne.be\/nl\/kajak-verhuur-langs-de-ourthe\/#primaryimage\"},\"thumbnailUrl\":\"https:\/\/www.palogne.be\/wp-content\/uploads\/2020\/04\/palogne-kayak-2-1920x1080-1.jpg\",\"datePublished\":\"2020-06-17T16:00:47+00:00\",\"dateModified\":\"2026-03-31T13:02:05+00:00\",\"breadcrumb\":{\"@id\":\"https:\/\/www.palogne.be\/nl\/kajak-verhuur-langs-de-ourthe\/#breadcrumb\"},\"inLanguage\":\"nl-NL\",\"potentialAction\":[{\"@type\":\"ReadAction\",\"target\":[\"https:\/\/www.palogne.be\/nl\/kajak-verhuur-langs-de-ourthe\/\"]}]},{\"@type\":\"ImageObject\",\"inLanguage\":\"nl-NL\",\"@id\":\"https:\/\/www.palogne.be\/nl\/kajak-verhuur-langs-de-ourthe\/#primaryimage\",\"url\":\"https:\/\/www.palogne.be\/wp-content\/uploads\/2020\/04\/palogne-kayak-2-1920x1080-1.jpg\",\"contentUrl\":\"https:\/\/www.palogne.be\/wp-content\/uploads\/2020\/04\/palogne-kayak-2-1920x1080-1.jpg\",\"width\":1920,\"height\":1080},{\"@type\":\"BreadcrumbList\",\"@id\":\"https:\/\/www.palogne.be\/nl\/kajak-verhuur-langs-de-ourthe\/#breadcrumb\",\"itemListElement\":[{\"@type\":\"ListItem\",\"position\":1,\"name\":\"Home\",\"item\":\"https:\/\/www.palogne.be\/\"},{\"@type\":\"ListItem\",\"position\":2,\"name\":\"Kajakken op de Ourthe\"}]},{\"@type\":\"WebSite\",\"@id\":\"https:\/\/www.palogne.be\/#website\",\"url\":\"https:\/\/www.palogne.be\/\",\"name\":\"Domein van Palogne\",\"description\":\"Geschiedenis en avontuur middenin de natuur\",\"potentialAction\":[{\"@type\":\"SearchAction\",\"target\":{\"@type\":\"EntryPoint\",\"urlTemplate\":\"https:\/\/www.palogne.be\/?s={search_term_string}\"},\"query-input\":{\"@type\":\"PropertyValueSpecification\",\"valueRequired\":true,\"valueName\":\"search_term_string\"}}],\"inLanguage\":\"nl-NL\"}]}<\/script>\n<!-- \/ Yoast SEO plugin. -->","yoast_head_json":{"title":"Kajakken op de Ourthe - Domein van Palogne","robots":{"index":"index","follow":"follow","max-snippet":"max-snippet:-1","max-image-preview":"max-image-preview:large","max-video-preview":"max-video-preview:-1"},"canonical":"https:\/\/www.palogne.be\/nl\/kajak-verhuur-langs-de-ourthe\/","og_locale":"nl_NL","og_type":"article","og_title":"Kajakken op de Ourthe - Domein van Palogne","og_description":"7,8 km duo: 24 \u20ac \/ personne 7,8 km trio: 48 \u20ac(2 ad.. + 1 enf. max 1,20 m) 7,8 km mono: 28 \u20ac (\u00e0 partir de 16 ans) Seau \u00e9tanche pour vos effets personnels: 3 \u20acDouche: 3 \u20ac &nbsp;Indicatieve status (reservering aanbevolen): Volledige openingstijdenNeem contact met ons op om te zien of [&hellip;]","og_url":"https:\/\/www.palogne.be\/nl\/kajak-verhuur-langs-de-ourthe\/","og_site_name":"Domein van Palogne","article_modified_time":"2026-03-31T13:02:05+00:00","og_image":[{"width":1920,"height":1080,"url":"https:\/\/www.palogne.be\/wp-content\/uploads\/2020\/04\/palogne-kayak-2-1920x1080-1.jpg","type":"image\/jpeg"}],"twitter_card":"summary_large_image","twitter_misc":{"Geschatte leestijd":"7 minuten"},"schema":{"@context":"https:\/\/schema.org","@graph":[{"@type":"WebPage","@id":"https:\/\/www.palogne.be\/nl\/kajak-verhuur-langs-de-ourthe\/","url":"https:\/\/www.palogne.be\/nl\/kajak-verhuur-langs-de-ourthe\/","name":"Kajakken op de Ourthe - Domein van Palogne","isPartOf":{"@id":"https:\/\/www.palogne.be\/#website"},"primaryImageOfPage":{"@id":"https:\/\/www.palogne.be\/nl\/kajak-verhuur-langs-de-ourthe\/#primaryimage"},"image":{"@id":"https:\/\/www.palogne.be\/nl\/kajak-verhuur-langs-de-ourthe\/#primaryimage"},"thumbnailUrl":"https:\/\/www.palogne.be\/wp-content\/uploads\/2020\/04\/palogne-kayak-2-1920x1080-1.jpg","datePublished":"2020-06-17T16:00:47+00:00","dateModified":"2026-03-31T13:02:05+00:00","breadcrumb":{"@id":"https:\/\/www.palogne.be\/nl\/kajak-verhuur-langs-de-ourthe\/#breadcrumb"},"inLanguage":"nl-NL","potentialAction":[{"@type":"ReadAction","target":["https:\/\/www.palogne.be\/nl\/kajak-verhuur-langs-de-ourthe\/"]}]},{"@type":"ImageObject","inLanguage":"nl-NL","@id":"https:\/\/www.palogne.be\/nl\/kajak-verhuur-langs-de-ourthe\/#primaryimage","url":"https:\/\/www.palogne.be\/wp-content\/uploads\/2020\/04\/palogne-kayak-2-1920x1080-1.jpg","contentUrl":"https:\/\/www.palogne.be\/wp-content\/uploads\/2020\/04\/palogne-kayak-2-1920x1080-1.jpg","width":1920,"height":1080},{"@type":"BreadcrumbList","@id":"https:\/\/www.palogne.be\/nl\/kajak-verhuur-langs-de-ourthe\/#breadcrumb","itemListElement":[{"@type":"ListItem","position":1,"name":"Home","item":"https:\/\/www.palogne.be\/"},{"@type":"ListItem","position":2,"name":"Kajakken op de Ourthe"}]},{"@type":"WebSite","@id":"https:\/\/www.palogne.be\/#website","url":"https:\/\/www.palogne.be\/","name":"Domein van Palogne","description":"Geschiedenis en avontuur middenin de natuur","potentialAction":[{"@type":"SearchAction","target":{"@type":"EntryPoint","urlTemplate":"https:\/\/www.palogne.be\/?s={search_term_string}"},"query-input":{"@type":"PropertyValueSpecification","valueRequired":true,"valueName":"search_term_string"}}],"inLanguage":"nl-NL"}]}},"_links":{"self":[{"href":"https:\/\/www.palogne.be\/nl\/wp-json\/wp\/v2\/pages\/2032","targetHints":{"allow":["GET"]}}],"collection":[{"href":"https:\/\/www.palogne.be\/nl\/wp-json\/wp\/v2\/pages"}],"about":[{"href":"https:\/\/www.palogne.be\/nl\/wp-json\/wp\/v2\/types\/page"}],"author":[{"embeddable":true,"href":"https:\/\/www.palogne.be\/nl\/wp-json\/wp\/v2\/users\/2"}],"replies":[{"embeddable":true,"href":"https:\/\/www.palogne.be\/nl\/wp-json\/wp\/v2\/comments?post=2032"}],"version-history":[{"count":3,"href":"https:\/\/www.palogne.be\/nl\/wp-json\/wp\/v2\/pages\/2032\/revisions"}],"predecessor-version":[{"id":8922,"href":"https:\/\/www.palogne.be\/nl\/wp-json\/wp\/v2\/pages\/2032\/revisions\/8922"}],"wp:featuredmedia":[{"embeddable":true,"href":"https:\/\/www.palogne.be\/nl\/wp-json\/wp\/v2\/media\/660"}],"wp:attachment":[{"href":"https:\/\/www.palogne.be\/nl\/wp-json\/wp\/v2\/media?parent=2032"}],"curies":[{"name":"wp","href":"https:\/\/api.w.org\/{rel}","templated":true}]}}